{"id":45,"date":"2026-05-13T11:45:34","date_gmt":"2026-05-13T11:45:34","guid":{"rendered":"http:\/\/www.kivirakennuskamula.fi\/?page_id=45"},"modified":"2026-05-13T11:45:34","modified_gmt":"2026-05-13T11:45:34","slug":"kivirakennus-kamula-oy","status":"publish","type":"page","link":"http:\/\/www.kivirakennuskamula.fi\/","title":{"rendered":"Kivirakennus Kamula Oy"},"content":{"rendered":"\n\n\n\n\n\n\n\n\n\n\n\n\n\n\n\n\n\n\n\n\n\n\n\n\n\n\n\n\n\n\n\n\n\n\n\n\n\n\n\n\n\n\n\n\n\n\n\n\n\n\n\n\n\n\n\n\n\n\n\n\n\n\n\n\n\n\n\n\n\n\n\n\n\n\n\n\n\n\n\n\n\n\n\n\n\n\n\n\n\n\n\n\n\n\n\n\n\n\n\n\n\n\n\n\n\n\n\n\n\n\n\n\n\n\n\n\n\n\n\n\n\n\n\n\n\n\n\n\n\n\n\n\n\n","protected":false},"excerpt":{"rendered":"","protected":false},"author":1,"featured_media":0,"parent":0,"menu_order":0,"comment_status":"closed","ping_status":"closed","template":"","meta":{"footnotes":""},"class_list":["post-45","page","type-page","status-publish","hentry"],"yoast_head":"<!-- This site is optimized with the Yoast SEO plugin v27.6 - https:\/\/yoast.com\/product\/yoast-seo-wordpress\/ -->\n<title>Kivirakennus Kamula Oy - Kivirakennus Kamula Oy<\/title>\n<meta name=\"robots\" content=\"index, follow, max-snippet:-1, max-image-preview:large, max-video-preview:-1\" \/>\n<link rel=\"canonical\" href=\"http:\/\/www.kivirakennuskamula.fi\/\" \/>\n<meta property=\"og:locale\" content=\"fi_FI\" \/>\n<meta property=\"og:type\" content=\"article\" \/>\n<meta property=\"og:title\" content=\"Kivirakennus Kamula Oy - Kivirakennus Kamula Oy\" \/>\n<meta property=\"og:url\" content=\"http:\/\/www.kivirakennuskamula.fi\/\" \/>\n<meta property=\"og:site_name\" content=\"Kivirakennus Kamula Oy\" \/>\n<meta name=\"twitter:card\" content=\"summary_large_image\" \/>\n<script type=\"application\/ld+json\" class=\"yoast-schema-graph\">{\"@context\":\"https:\\\/\\\/schema.org\",\"@graph\":[{\"@type\":\"WebPage\",\"@id\":\"http:\\\/\\\/www.kivirakennuskamula.fi\\\/\",\"url\":\"http:\\\/\\\/www.kivirakennuskamula.fi\\\/\",\"name\":\"Kivirakennus Kamula Oy - Kivirakennus Kamula Oy\",\"isPartOf\":{\"@id\":\"http:\\\/\\\/www.kivirakennuskamula.fi\\\/#website\"},\"datePublished\":\"2026-05-13T11:45:34+00:00\",\"breadcrumb\":{\"@id\":\"http:\\\/\\\/www.kivirakennuskamula.fi\\\/#breadcrumb\"},\"inLanguage\":\"fi\",\"potentialAction\":[{\"@type\":\"ReadAction\",\"target\":[\"http:\\\/\\\/www.kivirakennuskamula.fi\\\/\"]}]},{\"@type\":\"BreadcrumbList\",\"@id\":\"http:\\\/\\\/www.kivirakennuskamula.fi\\\/#breadcrumb\",\"itemListElement\":[{\"@type\":\"ListItem\",\"position\":1,\"name\":\"Etusivu\",\"item\":\"http:\\\/\\\/www.kivirakennuskamula.fi\\\/\"},{\"@type\":\"ListItem\",\"position\":2,\"name\":\"Kivirakennus Kamula Oy\"}]},{\"@type\":\"WebSite\",\"@id\":\"http:\\\/\\\/www.kivirakennuskamula.fi\\\/#website\",\"url\":\"http:\\\/\\\/www.kivirakennuskamula.fi\\\/\",\"name\":\"Kivirakennus Kamula Oy\",\"description\":\"Etsitk\u00f6 kest\u00e4v\u00e4\u00e4 ja tyylik\u00e4st\u00e4 kiveyst\u00e4 tai kokonaisvaltaista pihan uudistusta? Kivirakennus Kamula toteuttaa pihasi ammattitaidolla Nokialla, Tampereella ja koko Pirkanmaan alueella. Erikoisosaamistamme ovat haastavat kivirakenteet, tukimuurit sek\u00e4 el\u00e4v\u00e4iset kunttapihat.\",\"potentialAction\":[{\"@type\":\"SearchAction\",\"target\":{\"@type\":\"EntryPoint\",\"urlTemplate\":\"http:\\\/\\\/www.kivirakennuskamula.fi\\\/?s={search_term_string}\"},\"query-input\":{\"@type\":\"PropertyValueSpecification\",\"valueRequired\":true,\"valueName\":\"search_term_string\"}}],\"inLanguage\":\"fi\"}]}<\/script>\n<!-- \/ Yoast SEO plugin. -->","yoast_head_json":{"title":"Kivirakennus Kamula Oy - Kivirakennus Kamula Oy","robots":{"index":"index","follow":"follow","max-snippet":"max-snippet:-1","max-image-preview":"max-image-preview:large","max-video-preview":"max-video-preview:-1"},"canonical":"http:\/\/www.kivirakennuskamula.fi\/","og_locale":"fi_FI","og_type":"article","og_title":"Kivirakennus Kamula Oy - Kivirakennus Kamula Oy","og_url":"http:\/\/www.kivirakennuskamula.fi\/","og_site_name":"Kivirakennus Kamula Oy","twitter_card":"summary_large_image","schema":{"@context":"https:\/\/schema.org","@graph":[{"@type":"WebPage","@id":"http:\/\/www.kivirakennuskamula.fi\/","url":"http:\/\/www.kivirakennuskamula.fi\/","name":"Kivirakennus Kamula Oy - Kivirakennus Kamula Oy","isPartOf":{"@id":"http:\/\/www.kivirakennuskamula.fi\/#website"},"datePublished":"2026-05-13T11:45:34+00:00","breadcrumb":{"@id":"http:\/\/www.kivirakennuskamula.fi\/#breadcrumb"},"inLanguage":"fi","potentialAction":[{"@type":"ReadAction","target":["http:\/\/www.kivirakennuskamula.fi\/"]}]},{"@type":"BreadcrumbList","@id":"http:\/\/www.kivirakennuskamula.fi\/#breadcrumb","itemListElement":[{"@type":"ListItem","position":1,"name":"Etusivu","item":"http:\/\/www.kivirakennuskamula.fi\/"},{"@type":"ListItem","position":2,"name":"Kivirakennus Kamula Oy"}]},{"@type":"WebSite","@id":"http:\/\/www.kivirakennuskamula.fi\/#website","url":"http:\/\/www.kivirakennuskamula.fi\/","name":"Kivirakennus Kamula Oy","description":"Etsitk\u00f6 kest\u00e4v\u00e4\u00e4 ja tyylik\u00e4st\u00e4 kiveyst\u00e4 tai kokonaisvaltaista pihan uudistusta? Kivirakennus Kamula toteuttaa pihasi ammattitaidolla Nokialla, Tampereella ja koko Pirkanmaan alueella. Erikoisosaamistamme ovat haastavat kivirakenteet, tukimuurit sek\u00e4 el\u00e4v\u00e4iset kunttapihat.","potentialAction":[{"@type":"SearchAction","target":{"@type":"EntryPoint","urlTemplate":"http:\/\/www.kivirakennuskamula.fi\/?s={search_term_string}"},"query-input":{"@type":"PropertyValueSpecification","valueRequired":true,"valueName":"search_term_string"}}],"inLanguage":"fi"}]}},"_links":{"self":[{"href":"http:\/\/www.kivirakennuskamula.fi\/index.php?rest_route=\/wp\/v2\/pages\/45","targetHints":{"allow":["GET"]}}],"collection":[{"href":"http:\/\/www.kivirakennuskamula.fi\/index.php?rest_route=\/wp\/v2\/pages"}],"about":[{"href":"http:\/\/www.kivirakennuskamula.fi\/index.php?rest_route=\/wp\/v2\/types\/page"}],"author":[{"embeddable":true,"href":"http:\/\/www.kivirakennuskamula.fi\/index.php?rest_route=\/wp\/v2\/users\/1"}],"replies":[{"embeddable":true,"href":"http:\/\/www.kivirakennuskamula.fi\/index.php?rest_route=%2Fwp%2Fv2%2Fcomments&post=45"}],"version-history":[{"count":4,"href":"http:\/\/www.kivirakennuskamula.fi\/index.php?rest_route=\/wp\/v2\/pages\/45\/revisions"}],"predecessor-version":[{"id":57,"href":"http:\/\/www.kivirakennuskamula.fi\/index.php?rest_route=\/wp\/v2\/pages\/45\/revisions\/57"}],"wp:attachment":[{"href":"http:\/\/www.kivirakennuskamula.fi\/index.php?rest_route=%2Fwp%2Fv2%2Fmedia&parent=45"}],"curies":[{"name":"wp","href":"https:\/\/api.w.org\/{rel}","templated":true}]}}